{"id":8,"date":"2016-10-03T19:11:57","date_gmt":"2016-10-03T19:11:57","guid":{"rendered":"http:\/\/mitmgmtfaculty.mit.edu\/jjonasson\/homepage\/"},"modified":"2023-03-08T16:50:10","modified_gmt":"2023-03-08T16:50:10","slug":"homepage","status":"publish","type":"page","link":"https:\/\/mitmgmtfaculty.mit.edu\/joj\/","title":{"rendered":"Homepage"},"content":{"rendered":"<div id=\"pl-8\"  class=\"panel-layout\" ><div id=\"pg-8-0\"  class=\"panel-grid panel-no-style\" ><div id=\"pgc-8-0-0\"  class=\"panel-grid-cell\" ><div id=\"panel-8-0-0-0\" class=\"so-panel widget widget_mit-pf-jumbotron widget_mit_pf_jumbotron panel-first-child\" data-index=\"0\" ><div class=\"jumbotron-contained\" data-set=\"jumbotron\"><div class=\"hidden jumbotron\">    <div class=\"jumbotron--header\" style=\"background-image:url(https:\/\/s3.amazonaws.com\/mitsloan-php\/wp-faculty\/sites\/34\/2016\/11\/14003659\/white-background1.png);\">        <div class=\"container\"><div class=\"row\">            <div class=\"col-12 col-md-8\">                <div class=\"jumbotron--content\">                <h1>J\u00f3nas Oddur J\u00f3nasson<\/h1>                <\/div><!-- .jumbotron--content -->            <\/div><!-- .col -->            <div class=\"col-12 jumbotron--facultyimage\">            <div class=\"faculty-image\">                <img decoding=\"async\" class=\"img-responsive img-portfolio img-hover\" src=\"http:\/\/mitsloan.mit.edu\/shared\/ods\/images\/?ID=140780\" alt=\"Associate Professor of Operations Management\">            <\/div><!-- .faculty-image -->        <\/div><\/div><!-- .container -->    <\/div><!-- jumbotron--header --><\/div><!-- .row -->    <div class=\"header-bio\" data-set=\"header-bio\">        <div class=\"bio\">    <div class=\"jumbotron--bio\">            <div class=\"teasertext\">Associate Professor of Operations Management at the MIT Sloan School of Management.<\/div>    <\/div><!-- jumbotron--bio --><\/div><\/div><\/div><div class=\"d-none jumbotron bg-cover\" style=\"background-image:url(https:\/\/s3.amazonaws.com\/mitsloan-php\/wp-faculty\/sites\/34\/2016\/11\/14003659\/white-background1.png);\">\t<div class=\"container\">\t\t<div class=\"col-lg-8 col-md-8 col-sm-8 col-xs-12 no-padding-left\">\t\t<h1>J\u00f3nas Oddur J\u00f3nasson<\/h1>\t\t\t<div class=\"teasertext\">Associate Professor of Operations Management at the MIT Sloan School of Management.<\/div>\t\t<\/div><!-- .col-lg-8 -->\t\t<div class=\"col-lg-4 col-md-4 col-sm-4 col-xs-12 no-padding-left\">\t\t\t<div class=\"faculty-image\">\t\t\t\t<a href=\"\"    ><img decoding=\"async\" class=\"img-responsive img-portfolio img-hover\" src=\"http:\/\/mitsloan.mit.edu\/shared\/ods\/images\/?ID=140780\" alt=\"Associate Professor of Operations Management\"><\/a>\t\t\t<\/div><!-- .faculty-image -->\t\t<\/div><!-- .col-lg-4 -->\t<\/div><!-- .container --><\/div><\/div><\/div><div id=\"panel-8-0-0-1\" class=\"so-panel widget widget_mit_faculty_biography\" data-index=\"1\" ><h2 class=\"widget-title\">Biography<\/h2>\n        <div class=\"wpb_wrapper textwidget\">\n                    <\/div>\n        <\/div><div id=\"panel-8-0-0-2\" class=\"so-panel widget widget_mit_media_highlights_widget panel-last-child\" data-index=\"2\" ><h2 class=\"widget-title\">Affiliations<\/h2><div class=\"row\">\n\t\t\n\t\t\n\t\t\n\t\t\t\t<div class=\"col-lg-4 col-md-4 col-sm-12 col-xs-12\"><div class=\"highlight\">\t<a href=\"http:\/\/mitsloan.mit.edu\/faculty-and-research\/academic-groups\/operations-management\/\" target=\"_blank\">\t<h4>OMG<\/h4>\t<\/a>\t<p>MIT Sloan's Operations Management Group.<\/p><div class=\"social social-0\">\n\t\t\t\t\t\t<span class=\"fa-stack fa-1x\">\n\t\t\t\t\t\t\t<a class=\"facebook customer share\" href=\"http:\/\/www.facebook.com\/sharer.php?u=http:\/\/mitsloan.mit.edu\/faculty-and-research\/academic-groups\/operations-management\/\" title=\"Share on Facebook\" aria-label=\"Share on Facebook OMG\" target=\"_blank\">\n\t\t\t\t\t\t\t\t<i class=\"fa fa-square fa-stack-2x facebook\"><\/i>\n\t\t\t\t\t\t\t\t<i class=\"fa fa-facebook fa-stack-1x\"><\/i>\n\t\t\t\t\t\t\t<\/a>\n\t\t\t\t\t\t<\/span>\n\n\t\t\t\t\t\t<span class=\"fa-stack fa-1x\">\n\t\t\t\t\t\t  <a class=\"twitter customer share\" href=\"http:\/\/twitter.com\/share?url=http:\/\/mitsloan.mit.edu\/faculty-and-research\/academic-groups\/operations-management\/&amp;text=OMG\" title=\"Share on Twitter\" aria-label=\"Share on Twitter OMG\" target=\"_blank\">\n\t\t\t\t\t\t\t\t<i class=\"fa fa-square fa-stack-2x twitter\"><\/i>\n\t\t\t\t\t\t\t\t<i class=\"fab fa-x-twitter fa-stack-1x\"><\/i>\n\t\t\t\t\t\t\t<\/a>\n\t\t\t\t\t\t<\/span>\n\n\t\t\t\t\t\t<span class=\"fa-stack fa-1x\">\n\t\t\t\t\t\t  <a class=\"linkedin customer share\" href=\"http:\/\/www.linkedin.com\/shareArticle?mini=true&url=http:\/\/mitsloan.mit.edu\/faculty-and-research\/academic-groups\/operations-management\/\" title=\"Share on LinkedIn\" aria-label=\"Share on Linkedin OMG\" target=\"_blank\">\n\t\t\t\t\t\t\t\t<i class=\"fa fa-square fa-stack-2x linkedin\"><\/i>\n\t\t\t\t\t\t\t\t<i class=\"fa fa-linkedin fa-stack-1x\"><\/i>\n\t\t\t\t\t\t\t<\/a>\n\t\t\t\t\t\t<\/span><\/div><\/div><!-- .highlight --><\/div><!-- .col --><div class=\"col-lg-4 col-md-4 col-sm-12 col-xs-12\"><div class=\"highlight\">\t<a href=\"http:\/\/hsi.mit.edu\" target=\"_blank\">\t<h4>HSI<\/h4>\t<\/a>\t<p>HSI brings together faculty, researchers, and practitioners from across MIT and around the world to advance health management and delivery.<\/p><div class=\"social social-1\">\n\t\t\t\t\t\t<span class=\"fa-stack fa-1x\">\n\t\t\t\t\t\t\t<a class=\"facebook customer share\" href=\"http:\/\/www.facebook.com\/sharer.php?u=http:\/\/hsi.mit.edu\" title=\"Share on Facebook\" aria-label=\"Share on Facebook HSI\" target=\"_blank\">\n\t\t\t\t\t\t\t\t<i class=\"fa fa-square fa-stack-2x facebook\"><\/i>\n\t\t\t\t\t\t\t\t<i class=\"fa fa-facebook fa-stack-1x\"><\/i>\n\t\t\t\t\t\t\t<\/a>\n\t\t\t\t\t\t<\/span>\n\n\t\t\t\t\t\t<span class=\"fa-stack fa-1x\">\n\t\t\t\t\t\t  <a class=\"twitter customer share\" href=\"http:\/\/twitter.com\/share?url=http:\/\/hsi.mit.edu&amp;text=HSI\" title=\"Share on Twitter\" aria-label=\"Share on Twitter HSI\" target=\"_blank\">\n\t\t\t\t\t\t\t\t<i class=\"fa fa-square fa-stack-2x twitter\"><\/i>\n\t\t\t\t\t\t\t\t<i class=\"fab fa-x-twitter fa-stack-1x\"><\/i>\n\t\t\t\t\t\t\t<\/a>\n\t\t\t\t\t\t<\/span>\n\n\t\t\t\t\t\t<span class=\"fa-stack fa-1x\">\n\t\t\t\t\t\t  <a class=\"linkedin customer share\" href=\"http:\/\/www.linkedin.com\/shareArticle?mini=true&url=http:\/\/hsi.mit.edu\" title=\"Share on LinkedIn\" aria-label=\"Share on Linkedin HSI\" target=\"_blank\">\n\t\t\t\t\t\t\t\t<i class=\"fa fa-square fa-stack-2x linkedin\"><\/i>\n\t\t\t\t\t\t\t\t<i class=\"fa fa-linkedin fa-stack-1x\"><\/i>\n\t\t\t\t\t\t\t<\/a>\n\t\t\t\t\t\t<\/span><\/div><\/div><!-- .highlight --><\/div><!-- .col --><div class=\"col-lg-4 col-md-4 col-sm-12 col-xs-12\"><div class=\"highlight\">\t<a href=\"https:\/\/orc.mit.edu\" target=\"_blank\">\t<h4>ORC<\/h4>\t<\/a>\t<p>MIT's premier graduate program in Operations Research (OR) and Operations Management (OM).<\/p><div class=\"social social-2\">\n\t\t\t\t\t\t<span class=\"fa-stack fa-1x\">\n\t\t\t\t\t\t\t<a class=\"facebook customer share\" href=\"http:\/\/www.facebook.com\/sharer.php?u=https:\/\/orc.mit.edu\" title=\"Share on Facebook\" aria-label=\"Share on Facebook ORC\" target=\"_blank\">\n\t\t\t\t\t\t\t\t<i class=\"fa fa-square fa-stack-2x facebook\"><\/i>\n\t\t\t\t\t\t\t\t<i class=\"fa fa-facebook fa-stack-1x\"><\/i>\n\t\t\t\t\t\t\t<\/a>\n\t\t\t\t\t\t<\/span>\n\n\t\t\t\t\t\t<span class=\"fa-stack fa-1x\">\n\t\t\t\t\t\t  <a class=\"twitter customer share\" href=\"http:\/\/twitter.com\/share?url=https:\/\/orc.mit.edu&amp;text=ORC\" title=\"Share on Twitter\" aria-label=\"Share on Twitter ORC\" target=\"_blank\">\n\t\t\t\t\t\t\t\t<i class=\"fa fa-square fa-stack-2x twitter\"><\/i>\n\t\t\t\t\t\t\t\t<i class=\"fab fa-x-twitter fa-stack-1x\"><\/i>\n\t\t\t\t\t\t\t<\/a>\n\t\t\t\t\t\t<\/span>\n\n\t\t\t\t\t\t<span class=\"fa-stack fa-1x\">\n\t\t\t\t\t\t  <a class=\"linkedin customer share\" href=\"http:\/\/www.linkedin.com\/shareArticle?mini=true&url=https:\/\/orc.mit.edu\" title=\"Share on LinkedIn\" aria-label=\"Share on Linkedin ORC\" target=\"_blank\">\n\t\t\t\t\t\t\t\t<i class=\"fa fa-square fa-stack-2x linkedin\"><\/i>\n\t\t\t\t\t\t\t\t<i class=\"fa fa-linkedin fa-stack-1x\"><\/i>\n\t\t\t\t\t\t\t<\/a>\n\t\t\t\t\t\t<\/span><\/div><\/div><!-- .highlight --><\/div><!-- .col -->\t\t<\/div><!-- .row -->\n\t<\/div><\/div><\/div><\/div>","protected":false},"excerpt":{"rendered":"<p>J\u00f3nas Oddur J\u00f3nasson Associate Professor of Operations Management at the MIT Sloan School of Management. J\u00f3nas Oddur J\u00f3nasson Associate Professor of Operations Management at the MIT Sloan School of Management. Biography Affiliations OMG MIT Sloan&#8217;s Operations Management Group. HSI HSI brings together faculty, researchers, and practitioners from across MIT and around the world to advance [&hellip;]<\/p>\n","protected":false},"author":1,"featured_media":0,"parent":0,"menu_order":0,"comment_status":"closed","ping_status":"closed","template":"template-two-column.php","meta":{"_exactmetrics_skip_tracking":false,"_exactmetrics_sitenote_active":false,"_exactmetrics_sitenote_note":"","_exactmetrics_sitenote_category":0,"footnotes":""},"class_list":["post-8","page","type-page","status-publish","hentry"],"yoast_head":"<!-- This site is optimized with the Yoast SEO Premium plugin v24.0 (Yoast SEO v25.8) - https:\/\/yoast.com\/wordpress\/plugins\/seo\/ -->\n<title>MIT Sloan: J\u00f3nas J\u00f3nasson | Assistant Professor, Operations Management<\/title>\n<meta name=\"description\" content=\"J\u00f3nas Oddur J\u00f3nasson is an Assistant Professor of Operations Management at the MIT Sloan School of Management.\" \/>\n<meta name=\"robots\" content=\"index, follow, max-snippet:-1, max-image-preview:large, max-video-preview:-1\" \/>\n<link rel=\"canonical\" href=\"https:\/\/mitmgmtfaculty.mit.edu\/joj\/\" \/>\n<meta property=\"og:locale\" content=\"en_US\" \/>\n<meta property=\"og:type\" content=\"article\" \/>\n<meta property=\"og:title\" content=\"Homepage\" \/>\n<meta property=\"og:description\" content=\"J\u00f3nas Oddur J\u00f3nasson is an Assistant Professor of Operations Management at the MIT Sloan School of Management.\" \/>\n<meta property=\"og:url\" content=\"https:\/\/mitmgmtfaculty.mit.edu\/joj\/\" \/>\n<meta property=\"og:site_name\" content=\"J\u00f3nas Oddur J\u00f3nasson\" \/>\n<meta property=\"article:modified_time\" content=\"2023-03-08T16:50:10+00:00\" \/>\n<meta name=\"twitter:card\" content=\"summary_large_image\" \/>\n<meta name=\"twitter:label1\" content=\"Est. reading time\" \/>\n\t<meta name=\"twitter:data1\" content=\"1 minute\" \/>\n<script type=\"application\/ld+json\" class=\"yoast-schema-graph\">{\"@context\":\"https:\/\/schema.org\",\"@graph\":[{\"@type\":\"WebPage\",\"@id\":\"https:\/\/mitmgmtfaculty.mit.edu\/joj\/\",\"url\":\"https:\/\/mitmgmtfaculty.mit.edu\/joj\/\",\"name\":\"MIT Sloan: J\u00f3nas J\u00f3nasson | Assistant Professor, Operations Management\",\"isPartOf\":{\"@id\":\"https:\/\/mitmgmtfaculty.mit.edu\/joj\/#website\"},\"datePublished\":\"2016-10-03T19:11:57+00:00\",\"dateModified\":\"2023-03-08T16:50:10+00:00\",\"description\":\"J\u00f3nas Oddur J\u00f3nasson is an Assistant Professor of Operations Management at the MIT Sloan School of Management.\",\"breadcrumb\":{\"@id\":\"https:\/\/mitmgmtfaculty.mit.edu\/joj\/#breadcrumb\"},\"inLanguage\":\"en-US\",\"potentialAction\":[{\"@type\":\"ReadAction\",\"target\":[\"https:\/\/mitmgmtfaculty.mit.edu\/joj\/\"]}]},{\"@type\":\"BreadcrumbList\",\"@id\":\"https:\/\/mitmgmtfaculty.mit.edu\/joj\/#breadcrumb\",\"itemListElement\":[{\"@type\":\"ListItem\",\"position\":1,\"name\":\"Home\",\"item\":\"https:\/\/mitmgmtfaculty.mit.edu\/joj\/\"},{\"@type\":\"ListItem\",\"position\":2,\"name\":\"Homepage\"}]},{\"@type\":\"WebSite\",\"@id\":\"https:\/\/mitmgmtfaculty.mit.edu\/joj\/#website\",\"url\":\"https:\/\/mitmgmtfaculty.mit.edu\/joj\/\",\"name\":\"J\u00f3nas Oddur J\u00f3nasson\",\"description\":\"MIT Personal Faculty\",\"potentialAction\":[{\"@type\":\"SearchAction\",\"target\":{\"@type\":\"EntryPoint\",\"urlTemplate\":\"https:\/\/mitmgmtfaculty.mit.edu\/joj\/?s={search_term_string}\"},\"query-input\":{\"@type\":\"PropertyValueSpecification\",\"valueRequired\":true,\"valueName\":\"search_term_string\"}}],\"inLanguage\":\"en-US\"}]}<\/script>\n<!-- \/ Yoast SEO Premium plugin. -->","yoast_head_json":{"title":"MIT Sloan: J\u00f3nas J\u00f3nasson | Assistant Professor, Operations Management","description":"J\u00f3nas Oddur J\u00f3nasson is an Assistant Professor of Operations Management at the MIT Sloan School of Management.","robots":{"index":"index","follow":"follow","max-snippet":"max-snippet:-1","max-image-preview":"max-image-preview:large","max-video-preview":"max-video-preview:-1"},"canonical":"https:\/\/mitmgmtfaculty.mit.edu\/joj\/","og_locale":"en_US","og_type":"article","og_title":"Homepage","og_description":"J\u00f3nas Oddur J\u00f3nasson is an Assistant Professor of Operations Management at the MIT Sloan School of Management.","og_url":"https:\/\/mitmgmtfaculty.mit.edu\/joj\/","og_site_name":"J\u00f3nas Oddur J\u00f3nasson","article_modified_time":"2023-03-08T16:50:10+00:00","twitter_card":"summary_large_image","twitter_misc":{"Est. reading time":"1 minute"},"schema":{"@context":"https:\/\/schema.org","@graph":[{"@type":"WebPage","@id":"https:\/\/mitmgmtfaculty.mit.edu\/joj\/","url":"https:\/\/mitmgmtfaculty.mit.edu\/joj\/","name":"MIT Sloan: J\u00f3nas J\u00f3nasson | Assistant Professor, Operations Management","isPartOf":{"@id":"https:\/\/mitmgmtfaculty.mit.edu\/joj\/#website"},"datePublished":"2016-10-03T19:11:57+00:00","dateModified":"2023-03-08T16:50:10+00:00","description":"J\u00f3nas Oddur J\u00f3nasson is an Assistant Professor of Operations Management at the MIT Sloan School of Management.","breadcrumb":{"@id":"https:\/\/mitmgmtfaculty.mit.edu\/joj\/#breadcrumb"},"inLanguage":"en-US","potentialAction":[{"@type":"ReadAction","target":["https:\/\/mitmgmtfaculty.mit.edu\/joj\/"]}]},{"@type":"BreadcrumbList","@id":"https:\/\/mitmgmtfaculty.mit.edu\/joj\/#breadcrumb","itemListElement":[{"@type":"ListItem","position":1,"name":"Home","item":"https:\/\/mitmgmtfaculty.mit.edu\/joj\/"},{"@type":"ListItem","position":2,"name":"Homepage"}]},{"@type":"WebSite","@id":"https:\/\/mitmgmtfaculty.mit.edu\/joj\/#website","url":"https:\/\/mitmgmtfaculty.mit.edu\/joj\/","name":"J\u00f3nas Oddur J\u00f3nasson","description":"MIT Personal Faculty","potentialAction":[{"@type":"SearchAction","target":{"@type":"EntryPoint","urlTemplate":"https:\/\/mitmgmtfaculty.mit.edu\/joj\/?s={search_term_string}"},"query-input":{"@type":"PropertyValueSpecification","valueRequired":true,"valueName":"search_term_string"}}],"inLanguage":"en-US"}]}},"_links":{"self":[{"href":"https:\/\/mitmgmtfaculty.mit.edu\/joj\/wp-json\/wp\/v2\/pages\/8","targetHints":{"allow":["GET"]}}],"collection":[{"href":"https:\/\/mitmgmtfaculty.mit.edu\/joj\/wp-json\/wp\/v2\/pages"}],"about":[{"href":"https:\/\/mitmgmtfaculty.mit.edu\/joj\/wp-json\/wp\/v2\/types\/page"}],"author":[{"embeddable":true,"href":"https:\/\/mitmgmtfaculty.mit.edu\/joj\/wp-json\/wp\/v2\/users\/1"}],"replies":[{"embeddable":true,"href":"https:\/\/mitmgmtfaculty.mit.edu\/joj\/wp-json\/wp\/v2\/comments?post=8"}],"version-history":[{"count":61,"href":"https:\/\/mitmgmtfaculty.mit.edu\/joj\/wp-json\/wp\/v2\/pages\/8\/revisions"}],"predecessor-version":[{"id":611,"href":"https:\/\/mitmgmtfaculty.mit.edu\/joj\/wp-json\/wp\/v2\/pages\/8\/revisions\/611"}],"wp:attachment":[{"href":"https:\/\/mitmgmtfaculty.mit.edu\/joj\/wp-json\/wp\/v2\/media?parent=8"}],"curies":[{"name":"wp","href":"https:\/\/api.w.org\/{rel}","templated":true}]}}