{"id":16,"date":"2016-10-03T19:11:58","date_gmt":"2016-10-03T19:11:58","guid":{"rendered":"http:\/\/mitmgmtfaculty.mit.edu\/jjonasson\/research-publications\/"},"modified":"2024-10-18T13:34:38","modified_gmt":"2024-10-18T13:34:38","slug":"research","status":"publish","type":"page","link":"https:\/\/mitmgmtfaculty.mit.edu\/joj\/research\/","title":{"rendered":"Research"},"content":{"rendered":"<div id=\"pl-16\"  class=\"panel-layout\" ><div id=\"pg-16-0\"  class=\"panel-grid panel-no-style\" ><div id=\"pgc-16-0-0\"  class=\"panel-grid-cell\" ><div id=\"panel-16-0-0-0\" class=\"so-panel widget widget_mit-pf-wysiwyg widget_mit_pf_wysiwyg panel-first-child\" data-index=\"0\" ><h2 class=\"widget-title\">Journal Papers<\/h2><div class=\"textwidget\"><ol reversed=\"\">\n \t<li><em>Policy Optimization for Personalized Interventions in Behavioral Health.<br \/>\n<\/em>Jackie Baek, Justin J. Boutilier, Vivek F. Farias, J\u00f3nas Oddur J\u00f3nasson, and Erez Yoeli<em>.<br \/>\n<\/em><strong>Manufacturing and Service Operations Management<\/strong>. Forthcoming.<em><br \/><\/em><\/li>\n \t<li><em>The Policy-Case for Designating EMS Team for Vulnerable Patient Populations: Evidence from an Intervention in Boston.<br \/><\/em>\nMark Brennan, Sophia Dyer, J\u00f3nas Oddur J\u00f3nasson, James Salvia, Laura Segal, Erin Serino, and Justin Steil.<br \/>\n<strong>Health Care Management Science<\/strong> (2023), 1-16. <br \/><\/li>\n \t<li><em>Robust Combination Testing: Methods and Application to COVID-19 Detection.<\/em><br \/>\nSanjay Jain, J\u00f3nas Oddur J\u00f3nasson, Jean Pauphilet, and Kamalini Ramdas.<br \/>\n<strong>Management Science. <\/strong>(2024), 70(4):2661-2681.<br \/><\/li>\n \t<li><em>Redesigning Sample Transportation in Malawi Through Improved Data Sharing and Daily Route Optimization<\/em>.<br \/>\nEmma Gibson, Sarang Deo, J\u00f3nas Oddur J\u00f3nasson, Mphatso Kachule, and Kara Palamountain.<br \/>\n<strong>Manufacturing and Service Operations Management<\/strong>\u00a0(2023), 25(4):1209-1226.<br \/><\/li>\n \t<li><em>Can digital adherence technologies reduce inequity in tuberculosis treatment success? Evidence from a randomized controlled trial<\/em>.<br \/>\nJustin J. Boutilier, Erez Yoeli, Jon Rathauser, Philip Owiti, Ramnath Subbaraman, and J\u00f3nas Oddur J\u00f3nasson.<br \/>\n<strong>BMJ Global Health <\/strong>(2022), 7:e010512.<br \/><\/li>\n \t<li><em>The Distributional Impact of Fatigue on Performance<\/em>.<br \/>\nHessam Bavafa and J\u00f3nas Oddur J\u00f3nasson.<br \/>\n<strong>Management Science<\/strong>. (2024), 70(5):3319-3337.<br \/><\/li>\n \t<li><em>Social Impact Operations at the Global Base of the Pyramid<\/em>.<br \/>\nJ\u00f3nas Oddur J\u00f3nasson, Kamalini Ramdas, and Alp Sungu.<br \/>\n<strong>Production and Operations Management <\/strong>(2022), 31(12), 4364-4378.<br \/><\/li>\n \t<li><em>Vaccine Supply Chains in Resource-Limited Settings: Mitigating the Impact of Rainy Season Disruptions<\/em>.<br \/>\nKim De Boeck, Catherine Decouttere, J\u00f3nas Oddur J\u00f3nasson, and Nico Vandaele.<br \/>\n<strong>European Journal of Operational Research <\/strong>(2022), 301(1):300-317.\u00a0<br \/><\/li>\n \t<li><em>Improving TB Treatment Adherence Support: The Case for Targeted Behavioral Interventions<\/em>.<br \/>\nJustin J. Boutilier, J\u00f3nas Oddur J\u00f3nasson, and Erez Yoeli.<br \/>\n<strong>Manufacturing and Service Operations Management <\/strong>(2022), 24(6):2925-2943. <br \/><\/li>\n \t<li><em>Design and Implementation of a USSD System for Daily Tracking of Blood Samples and Diagnostic Results in a Diagnostic Network in Malawi: System Development and Field Trial<\/em>.<br \/>\nDaniel Killian, Emma Gibson, Mphatso Kachule, Kara Palamountain, Joseph Bitilinyu Bangoh, Sarang Deo, and J\u00f3nas Oddur J\u00f3nasson.<br \/>\n<strong>Journal of Medical Internet Research<\/strong> (2021), 23(7):e26582. <br \/><\/li>\n \t<li><em>The Variance Learning Curve<\/em>.<br \/>\nHessam Bavafa and J\u00f3nas Oddur J\u00f3nasson.<br \/>\n<strong>Management Science <\/strong>(2021), 67(5):3104-3116.<\/li>\n \t<li><em>Learning from Many: Partner Exposure and Team Familiarity in Fluid Teams<\/em>.<br \/>\nZeynep Aksin, Sarang Deo, J\u00f3nas Oddur J\u00f3nasson, and Kamalini Ramdas.<br \/>\n<strong>Management Science <\/strong>(2021), 67(2):854-874.<em>\n<\/em><\/li>\n \t<li><em>Recovering from Critical Incidents: Evidence from Paramedic Performance<\/em>.<br \/>\nHessam Bavafa and J\u00f3nas Oddur J\u00f3nasson.<br \/>\n<strong>Manufacturing &amp; Service Operations Management<\/strong>\u00a0(2021), 23(4):914-932.<\/li>\n \t<li><em>Improving HIV early infant diagnosis supply chains in sub-Saharan Africa: Models and application to<\/em>\n<em>Mozambique.<br \/>\n<\/em>J\u00f3nas Oddur J\u00f3nasson, Sarang Deo, and Jeremie Gallien.<br \/>\n<strong>Operations Research <\/strong>(2017), 65(6):1479-1493.<\/li>\n<\/ol><\/div><\/div><div id=\"panel-16-0-0-1\" class=\"so-panel widget widget_mit-pf-research widget_mit_pf_research\" data-index=\"1\" ><h2 class=\"widget-title\">Working Papers<\/h2><div class=\"textwidget\"><ul>\n \t<li><em>Preventing Opioid Overdose: From Prediction to Operationalization.<br \/>\n<\/em>J\u00f3nas Oddur J\u00f3nasson, Neal Kaw, Deeksha Sinha, Nikos Trichakis, Anyi Chen, Joseph Conte, Ashley Restaino, and Salvatore Volpe.<br \/>\nUnder major revision for <strong>Manufacturing and Service Operations Management<\/strong>.<\/li>\n \t<li><em>Favorable Risk Selection in Medicare Advantage: The Effect of Allowing Non-Medical Services.<br \/>\n<\/em>Woonam Hwang, J\u00f3nas Oddur J\u00f3nasson, and Heikki Peura.<br \/>\nUnder major revision for <strong>Manufacturing and Service Operations Management.<\/strong><\/li>\n<\/ul><\/div><\/div><div id=\"panel-16-0-0-2\" class=\"so-panel widget widget_mit-pf-research widget_mit_pf_research panel-last-child\" data-index=\"2\" ><h2 class=\"widget-title\">In Progress<\/h2><div class=\"textwidget\"><ul>\n<li><em>Digital Adherence Support for Tuberculosis Treatment: A Multicentre Randomized Trial in Kenya<\/em>.<br \/>\nErez Yoeli, Jonathan Rathauser, Edwin Nyakan, Justin J. Boutilier, Jonathon R. Campbell, Moreen Chilo, Lewis Muriuki Irungu, J\u00f3nas Oddur J\u00f3nasson, Maureen Kamene Kimenye, Faith Kavata Muchiri, Alice M. Mwikamba, Teresa Adhiambo Ochieng, Jill Ondigo, Philip Owiti, Kevin Schwartzman, and David G. Rand.<\/li>\n<li><em>Deployment Guidelines for Community Health Workers in Sub-Saharan Africa<\/em>.<br \/>\nCarri Chan, Sarang Deo, Jeremie Gallien, and J\u00f3nas Oddur J\u00f3nasson.<\/li>\n<li><em>Randomized Controlled Trials of Service Interventions: The Impact of Capacity Constraints.<\/em><br \/>\nJustin J. Boutilier, J\u00f3nas Oddur J\u00f3nasson, and Hannah Li.<\/li>\n<li>No Rest for the Idle: The Impact of Downtime on Productivity.<br \/>\nHessam Bavafa and J\u00f3nas Oddur J\u00f3nasson.<\/li>\n<\/ul>\n<\/div><\/div><\/div><\/div><\/div>","protected":false},"excerpt":{"rendered":"<p>Journal Papers Policy Optimization for Personalized Interventions in Behavioral Health. Jackie Baek, Justin J. Boutilier, Vivek F. Farias, J\u00f3nas Oddur J\u00f3nasson, and Erez Yoeli. Manufacturing and Service Operations Management. Forthcoming. The Policy-Case for Designating EMS Team for Vulnerable Patient Populations: Evidence from an Intervention in Boston. Mark Brennan, Sophia Dyer, J\u00f3nas Oddur J\u00f3nasson, James Salvia, [&hellip;]<\/p>\n","protected":false},"author":1,"featured_media":0,"parent":0,"menu_order":1,"comment_status":"closed","ping_status":"closed","template":"template-two-column.php","meta":{"_exactmetrics_skip_tracking":false,"_exactmetrics_sitenote_active":false,"_exactmetrics_sitenote_note":"","_exactmetrics_sitenote_category":0,"footnotes":""},"class_list":["post-16","page","type-page","status-publish","hentry"],"yoast_head":"<!-- This site is optimized with the Yoast SEO Premium plugin v24.0 (Yoast SEO v25.8) - https:\/\/yoast.com\/wordpress\/plugins\/seo\/ -->\n<title>MIT Sloan Faculty: J\u00f3nas Oddur J\u00f3nasson | Research<\/title>\n<meta name=\"description\" content=\"J\u00f3nas&#039; primary research focus is on improving healthcare delivery in resource-limited settings.\" \/>\n<meta name=\"robots\" content=\"index, follow, max-snippet:-1, max-image-preview:large, max-video-preview:-1\" \/>\n<link rel=\"canonical\" href=\"https:\/\/mitmgmtfaculty.mit.edu\/joj\/research\/\" \/>\n<meta property=\"og:locale\" content=\"en_US\" \/>\n<meta property=\"og:type\" content=\"article\" \/>\n<meta property=\"og:title\" content=\"Research\" \/>\n<meta property=\"og:description\" content=\"J\u00f3nas&#039; primary research focus is on improving healthcare delivery in resource-limited settings.\" \/>\n<meta property=\"og:url\" content=\"https:\/\/mitmgmtfaculty.mit.edu\/joj\/research\/\" \/>\n<meta property=\"og:site_name\" content=\"J\u00f3nas Oddur J\u00f3nasson\" \/>\n<meta property=\"article:modified_time\" content=\"2024-10-18T13:34:38+00:00\" \/>\n<meta name=\"twitter:card\" content=\"summary_large_image\" \/>\n<meta name=\"twitter:label1\" content=\"Est. reading time\" \/>\n\t<meta name=\"twitter:data1\" content=\"1 minute\" \/>\n<script type=\"application\/ld+json\" class=\"yoast-schema-graph\">{\"@context\":\"https:\/\/schema.org\",\"@graph\":[{\"@type\":\"WebPage\",\"@id\":\"https:\/\/mitmgmtfaculty.mit.edu\/joj\/research\/\",\"url\":\"https:\/\/mitmgmtfaculty.mit.edu\/joj\/research\/\",\"name\":\"MIT Sloan Faculty: J\u00f3nas Oddur J\u00f3nasson | Research\",\"isPartOf\":{\"@id\":\"https:\/\/mitmgmtfaculty.mit.edu\/joj\/#website\"},\"datePublished\":\"2016-10-03T19:11:58+00:00\",\"dateModified\":\"2024-10-18T13:34:38+00:00\",\"description\":\"J\u00f3nas' primary research focus is on improving healthcare delivery in resource-limited settings.\",\"breadcrumb\":{\"@id\":\"https:\/\/mitmgmtfaculty.mit.edu\/joj\/research\/#breadcrumb\"},\"inLanguage\":\"en-US\",\"potentialAction\":[{\"@type\":\"ReadAction\",\"target\":[\"https:\/\/mitmgmtfaculty.mit.edu\/joj\/research\/\"]}]},{\"@type\":\"BreadcrumbList\",\"@id\":\"https:\/\/mitmgmtfaculty.mit.edu\/joj\/research\/#breadcrumb\",\"itemListElement\":[{\"@type\":\"ListItem\",\"position\":1,\"name\":\"Home\",\"item\":\"https:\/\/mitmgmtfaculty.mit.edu\/joj\/\"},{\"@type\":\"ListItem\",\"position\":2,\"name\":\"Research\"}]},{\"@type\":\"WebSite\",\"@id\":\"https:\/\/mitmgmtfaculty.mit.edu\/joj\/#website\",\"url\":\"https:\/\/mitmgmtfaculty.mit.edu\/joj\/\",\"name\":\"J\u00f3nas Oddur J\u00f3nasson\",\"description\":\"MIT Personal Faculty\",\"potentialAction\":[{\"@type\":\"SearchAction\",\"target\":{\"@type\":\"EntryPoint\",\"urlTemplate\":\"https:\/\/mitmgmtfaculty.mit.edu\/joj\/?s={search_term_string}\"},\"query-input\":{\"@type\":\"PropertyValueSpecification\",\"valueRequired\":true,\"valueName\":\"search_term_string\"}}],\"inLanguage\":\"en-US\"}]}<\/script>\n<!-- \/ Yoast SEO Premium plugin. -->","yoast_head_json":{"title":"MIT Sloan Faculty: J\u00f3nas Oddur J\u00f3nasson | Research","description":"J\u00f3nas' primary research focus is on improving healthcare delivery in resource-limited settings.","robots":{"index":"index","follow":"follow","max-snippet":"max-snippet:-1","max-image-preview":"max-image-preview:large","max-video-preview":"max-video-preview:-1"},"canonical":"https:\/\/mitmgmtfaculty.mit.edu\/joj\/research\/","og_locale":"en_US","og_type":"article","og_title":"Research","og_description":"J\u00f3nas' primary research focus is on improving healthcare delivery in resource-limited settings.","og_url":"https:\/\/mitmgmtfaculty.mit.edu\/joj\/research\/","og_site_name":"J\u00f3nas Oddur J\u00f3nasson","article_modified_time":"2024-10-18T13:34:38+00:00","twitter_card":"summary_large_image","twitter_misc":{"Est. reading time":"1 minute"},"schema":{"@context":"https:\/\/schema.org","@graph":[{"@type":"WebPage","@id":"https:\/\/mitmgmtfaculty.mit.edu\/joj\/research\/","url":"https:\/\/mitmgmtfaculty.mit.edu\/joj\/research\/","name":"MIT Sloan Faculty: J\u00f3nas Oddur J\u00f3nasson | Research","isPartOf":{"@id":"https:\/\/mitmgmtfaculty.mit.edu\/joj\/#website"},"datePublished":"2016-10-03T19:11:58+00:00","dateModified":"2024-10-18T13:34:38+00:00","description":"J\u00f3nas' primary research focus is on improving healthcare delivery in resource-limited settings.","breadcrumb":{"@id":"https:\/\/mitmgmtfaculty.mit.edu\/joj\/research\/#breadcrumb"},"inLanguage":"en-US","potentialAction":[{"@type":"ReadAction","target":["https:\/\/mitmgmtfaculty.mit.edu\/joj\/research\/"]}]},{"@type":"BreadcrumbList","@id":"https:\/\/mitmgmtfaculty.mit.edu\/joj\/research\/#breadcrumb","itemListElement":[{"@type":"ListItem","position":1,"name":"Home","item":"https:\/\/mitmgmtfaculty.mit.edu\/joj\/"},{"@type":"ListItem","position":2,"name":"Research"}]},{"@type":"WebSite","@id":"https:\/\/mitmgmtfaculty.mit.edu\/joj\/#website","url":"https:\/\/mitmgmtfaculty.mit.edu\/joj\/","name":"J\u00f3nas Oddur J\u00f3nasson","description":"MIT Personal Faculty","potentialAction":[{"@type":"SearchAction","target":{"@type":"EntryPoint","urlTemplate":"https:\/\/mitmgmtfaculty.mit.edu\/joj\/?s={search_term_string}"},"query-input":{"@type":"PropertyValueSpecification","valueRequired":true,"valueName":"search_term_string"}}],"inLanguage":"en-US"}]}},"_links":{"self":[{"href":"https:\/\/mitmgmtfaculty.mit.edu\/joj\/wp-json\/wp\/v2\/pages\/16","targetHints":{"allow":["GET"]}}],"collection":[{"href":"https:\/\/mitmgmtfaculty.mit.edu\/joj\/wp-json\/wp\/v2\/pages"}],"about":[{"href":"https:\/\/mitmgmtfaculty.mit.edu\/joj\/wp-json\/wp\/v2\/types\/page"}],"author":[{"embeddable":true,"href":"https:\/\/mitmgmtfaculty.mit.edu\/joj\/wp-json\/wp\/v2\/users\/1"}],"replies":[{"embeddable":true,"href":"https:\/\/mitmgmtfaculty.mit.edu\/joj\/wp-json\/wp\/v2\/comments?post=16"}],"version-history":[{"count":142,"href":"https:\/\/mitmgmtfaculty.mit.edu\/joj\/wp-json\/wp\/v2\/pages\/16\/revisions"}],"predecessor-version":[{"id":649,"href":"https:\/\/mitmgmtfaculty.mit.edu\/joj\/wp-json\/wp\/v2\/pages\/16\/revisions\/649"}],"wp:attachment":[{"href":"https:\/\/mitmgmtfaculty.mit.edu\/joj\/wp-json\/wp\/v2\/media?parent=16"}],"curies":[{"name":"wp","href":"https:\/\/api.w.org\/{rel}","templated":true}]}}